{"id":74,"date":"2017-10-05T10:13:39","date_gmt":"2017-10-05T10:13:39","guid":{"rendered":"http:\/\/calidadensenanza.es\/index.html\/?page_id=74"},"modified":"2017-11-10T11:44:18","modified_gmt":"2017-11-10T11:44:18","slug":"quienes-somos","status":"publish","type":"page","link":"https:\/\/calidadensenanza.es\/index.html\/quienes-somos\/","title":{"rendered":"Quienes Somos"},"content":{"rendered":"<div class=\"wpb-content-wrapper\">[vc_row][vc_column][vc_single_image image=\u00bb1384&#8243; img_size=\u00bblarge\u00bb alignment=\u00bbcenter\u00bb style=\u00bbvc_box_shadow_3d\u00bb css_animation=\u00bbappear\u00bb][\/vc_column][\/vc_row][vc_row][vc_column][vc_column_text]\n<p style=\"text-align: center;\"><span style=\"font-size: 24pt; color: #000000;\"><strong><span style=\"font-family: verdana, geneva, sans-serif;\">CALIDAD EN LA ENSE\u00d1ANZA S.L\u00a0<\/span><\/strong><\/span><\/p>\n<p>&nbsp;<\/p>\n<h1 style=\"text-align: center;\"><strong>Entidad organizadora l\u00edder en Formaci\u00f3n Bonificada a peque\u00f1a y mediana empresa.<\/strong><\/h1>\n[\/vc_column_text][vc_column_text]\n<h4 style=\"text-align: center;\">Ponemos a disposici\u00f3n de nuestros clientes la experiencia y conocimiento para definir aquellas acciones\u00a0formativas que\u00a0dar\u00e1n soluci\u00f3n a las necesidades\u00a0derivadas de cualquier cambio.<\/h4>\n[\/vc_column_text][\/vc_column][\/vc_row]\n<\/div>","protected":false},"excerpt":{"rendered":"<p>[vc_row][vc_column][vc_single_image image=\u00bb1384&#8243; img_size=\u00bblarge\u00bb alignment=\u00bbcenter\u00bb style=\u00bbvc_box_shadow_3d\u00bb css_animation=\u00bbappear\u00bb][\/vc_column][\/vc_row][vc_row][vc_column][vc_column_text] CALIDAD EN LA ENSE\u00d1ANZA S.L\u00a0 &nbsp; Entidad organizadora l\u00edder en Formaci\u00f3n Bonificada a peque\u00f1a y mediana empresa. [\/vc_column_text][vc_column_text] Ponemos a disposici\u00f3n de nuestros clientes la experiencia y conocimiento para definir aquellas acciones\u00a0formativas que\u00a0dar\u00e1n soluci\u00f3n a las necesidades\u00a0derivadas de cualquier cambio. [\/vc_column_text][\/vc_column][\/vc_row]<\/p>\n","protected":false},"author":1,"featured_media":0,"parent":0,"menu_order":0,"comment_status":"closed","ping_status":"closed","template":"","meta":{"_et_pb_use_builder":"on","_et_pb_old_content":"","_et_gb_content_width":"","footnotes":""},"class_list":["post-74","page","type-page","status-publish","hentry"],"_links":{"self":[{"href":"https:\/\/calidadensenanza.es\/index.html\/wp-json\/wp\/v2\/pages\/74","targetHints":{"allow":["GET"]}}],"collection":[{"href":"https:\/\/calidadensenanza.es\/index.html\/wp-json\/wp\/v2\/pages"}],"about":[{"href":"https:\/\/calidadensenanza.es\/index.html\/wp-json\/wp\/v2\/types\/page"}],"author":[{"embeddable":true,"href":"https:\/\/calidadensenanza.es\/index.html\/wp-json\/wp\/v2\/users\/1"}],"replies":[{"embeddable":true,"href":"https:\/\/calidadensenanza.es\/index.html\/wp-json\/wp\/v2\/comments?post=74"}],"version-history":[{"count":7,"href":"https:\/\/calidadensenanza.es\/index.html\/wp-json\/wp\/v2\/pages\/74\/revisions"}],"predecessor-version":[{"id":710,"href":"https:\/\/calidadensenanza.es\/index.html\/wp-json\/wp\/v2\/pages\/74\/revisions\/710"}],"wp:attachment":[{"href":"https:\/\/calidadensenanza.es\/index.html\/wp-json\/wp\/v2\/media?parent=74"}],"curies":[{"name":"wp","href":"https:\/\/api.w.org\/{rel}","templated":true}]}}